{"id":3949,"date":"2022-12-15T13:30:35","date_gmt":"2022-12-15T18:30:35","guid":{"rendered":"https:\/\/eir.ca\/?page_id=3949"},"modified":"2023-02-01T11:56:09","modified_gmt":"2023-02-01T16:56:09","slug":"experience-ville-du-futur","status":"publish","type":"page","link":"https:\/\/eir.ca\/fr\/fce\/experience-ville-du-futur\/","title":{"rendered":"Exp\u00e9rience ville du futur"},"content":{"rendered":"<h2>Bienvenue au d\u00e9fi de conception de la ville du futur 2023 !<\/h2>\n\t\t\t\t<img loading=\"lazy\" decoding=\"async\" src=\"https:\/\/eir.ca\/wp-content\/uploads\/2023\/01\/French-slides-for-Kick-off-Feb-1-2-1600x900.png\" alt=\"French (slides for Kick off Feb 1) (2)\" itemprop=\"image\" height=\"387\" width=\"688\" title=\"French (slides for Kick off Feb 1) (2)\" onerror=\"this.style.display='none'\"  \/>\n\t<h3>Joignez-vous \u00e0 nous lors de cette diffusion en direct pour le lancement de l&#8217;\u00e9v\u00e9nement Ville du futur.<\/h3>\n<h3>Posez vos questions sur la construction d&#8217;une ville du futur sans d\u00e9chets et obtenez des r\u00e9ponses d&#8217;experts dans le domaine.<\/h3>\n\t<iframe loading=\"lazy\" width=\"800\" height=\"415\" src=\"https:\/\/www.youtube.com\/embed\/JJBxCvREMCs\" title=\"YouTube video player\" frameborder=\"0\" allow=\"accelerometer; autoplay; clipboard-write; encrypted-media; gyroscope; picture-in-picture; web-share\" allowfullscreen><\/iframe>\n<h2>\n\t\tBiographies des pan\u00e9listes\n\t<\/h2>\n\t\t\t\t<img loading=\"lazy\" decoding=\"async\" src=\"https:\/\/eir.ca\/wp-content\/uploads\/2022\/12\/Margot-297x300.jpg\" alt=\"Margot\" itemprop=\"image\" height=\"300\" width=\"297\" title=\"Margot\" onerror=\"this.style.display='none'\"  \/>\n\t\t<h3>Margot Allain Belanger, Mod\u00e9ratrice<\/h3>\t\t\nMargot est ing\u00e9nieure civile originaire du Nouveau-Brunswick et dipl\u00f4m\u00e9e de l&#8217;Universit\u00e9 de Moncton. Elle a d\u00e9but\u00e9 sa carri\u00e8re avec une firme d&#8217;ing\u00e9nieurs conseils, pour ensuite occuper le poste de Directrice des op\u00e9rations municipales pour une municipalit\u00e9 du N.-B. Apr\u00e8s de nombreuses ann\u00e9es dans le domaine du g\u00e9nie municipal, elle a choisi de saisir une opportunit\u00e9 qui la permet de partager son amour pour l&#8217;ing\u00e9nierie et les sciences avec les jeunes. Elle est pr\u00e9sentement Agente de sensibilisation \u00e0 la Facult\u00e9 d&#8217;ing\u00e9nierie de l&#8217;Universit\u00e9 de Moncton. Ce travail lui permet de rencontrer les \u00e9l\u00e8ves pour leur faire d\u00e9couvrir l&#8217;ing\u00e9nierie et les sciences, ainsi que d&#8217;accompagner et porter support aux \u00e9tudiantes et \u00e9tudiants en ing\u00e9nierie. Elle r\u00eave du jour o\u00f9 la profession d&#8217;ing\u00e9nieur sera aussi diverse que la population que cette belle profession repr\u00e9sente.\n\t\t\t\t<img loading=\"lazy\" decoding=\"async\" src=\"https:\/\/eir.ca\/wp-content\/uploads\/bb-plugin\/cache\/IMG_0537-300x172-circle.jpg\" alt=\"IMG_0537\" itemprop=\"image\" height=\"172\" width=\"300\" title=\"IMG_0537\" onerror=\"this.style.display='none'\"  \/>\n\t\t<h3>Joseph-Carlos Da Silveira, EIT<\/h3>\t\t\n<p>Joseph est un ing\u00e9nieur environnemental enthousiaste qui travaille actuellement comme assistant d&#8217;enseignement sup\u00e9rieur \u00e0 l&#8217;Universit\u00e9 d&#8217;Ottawa. Dans ses r\u00f4les ant\u00e9rieurs et actuel, il a toujours senti que l&#8217;ing\u00e9nierie \u00e9tait une fa\u00e7on excitante de s&#8217;exprimer. En ce moment, il est \u00e9galement engag\u00e9 dans la recherche avec une th\u00e8se portant sur les inondations urbaines.\u00a0<\/p>\n\t\t\t\t<img loading=\"lazy\" decoding=\"async\" src=\"https:\/\/eir.ca\/wp-content\/uploads\/bb-plugin\/cache\/Chantal-Daigle-Verrier-300x300-circle.jpg\" alt=\"Chantal Daigle Verrier\" itemprop=\"image\" height=\"300\" width=\"300\" title=\"Chantal Daigle Verrier\" onerror=\"this.style.display='none'\"  \/>\n\t\t<h3>Chantal Daigle Verrier<\/h3>\t\t\n\t\t\t<p>Chantal est une ing\u00e9nieure professionnelle qui travaille dans le secteur de l&#8217;efficacit\u00e9 \u00e9nerg\u00e9tique. Avec de l&#8217;exp\u00e9rience dans les domaines de la fabrication, du g\u00e9nie-conseil, de la gestion de projet et des programmes de certification des b\u00e2timents \u00e9cologiques (LEED, Zero Carbon Buildings, PCI), elle a travaill\u00e9 sur des projets avec des particuliers partout au Canada et \u00e0 l&#8217;\u00e9tranger, tout en conservant des postes au Nouveau-Brunswick. Chantal a \u00e9largi ses connaissances en obtenant une ma\u00eetrise en changements climatiques de l&#8217;Universit\u00e9 de Waterloo, avec des cours de deuxi\u00e8me cycle sur la science des changements climatiques, l&#8217;att\u00e9nuation, l&#8217;adaptation, la comptabilisation des \u00e9missions, les donn\u00e9es climatiques et plus encore.<\/p>\n<p>Elle travaille \u00e0 \u00c9nergie NB o\u00f9 elle g\u00e8re les programmes d&#8217;efficacit\u00e9 \u00e9nerg\u00e9tique (saveenergynb.ca) pour le secteur commercial.<\/p>\n<p>Pendant son temps libre, vous pouvez la trouver sur les sentiers de randonn\u00e9e et les cours d&#8217;eau de la r\u00e9gion.<\/p>\n<p>&nbsp;<\/p>\n\t\t\t\t<img loading=\"lazy\" decoding=\"async\" src=\"https:\/\/eir.ca\/wp-content\/uploads\/bb-plugin\/cache\/Angele-Spencer-300x300-circle.jpg\" alt=\"Ang\u00e8le Spencer\" itemprop=\"image\" height=\"300\" width=\"300\" title=\"Ang\u00e8le Spencer\" onerror=\"this.style.display='none'\"  \/>\n\t\t<h3>Angele Spencer<\/h3>\t\t\n\t\t\t<p>Ang\u00e8le est directrice g\u00e9n\u00e9rale adjointe \u00e0 la Ville de Dieppe, au Nouveau-Brunswick. Elle est a\u00een\u00e9e d&#8217;une famille de cinq enfants, et elle dit avoir choisie l&#8217;ing\u00e9nierie gr\u00e2ce l&#8217;influence de son p\u00e8re et de son oncle. Apr\u00e8s ses \u00e9tudes en g\u00e9nie civil, Ang\u00e8le a \u00e9volu\u00e9 au minist\u00e8re des Transports et de l&#8217;infrastructure suivi du minist\u00e8re de l&#8217;environnement pour ensuite travailler \u00e0 la ville de Dieppe. Elle a g\u00e9r\u00e9 de nombreux projets de construction au fil des ann\u00e9es, et s&#8217;occupe maintenant de la division du d\u00e9veloppement durable et de la s\u00e9curit\u00e9 urbaine.<\/p>\n\t<p><em><strong>Pr\u00e9sent\u00e9 par: <a href=\"https:\/\/engineerscanada.ca\/\">Engineers Canada<\/a>, <a href=\"https:\/\/engineersoftomorrow.ca\/\">Ing\u00e9nieurs de demain<\/a>, et <a href=\"https:\/\/www.umoncton.ca\/\">Universit\u00e9 de Moncton<\/a><\/strong><\/em><\/p>\n<p>&nbsp;<\/p>","protected":false},"excerpt":{"rendered":"","protected":false},"author":1,"featured_media":3951,"parent":3893,"menu_order":0,"comment_status":"closed","ping_status":"closed","template":"","meta":{"_et_pb_use_builder":"","_et_pb_old_content":"","_et_gb_content_width":"","_monsterinsights_skip_tracking":false,"_monsterinsights_sitenote_active":false,"_monsterinsights_sitenote_note":"","_monsterinsights_sitenote_category":0,"footnotes":""},"class_list":["post-3949","page","type-page","status-publish","has-post-thumbnail","hentry"],"_links":{"self":[{"href":"https:\/\/eir.ca\/fr\/wp-json\/wp\/v2\/pages\/3949","targetHints":{"allow":["GET"]}}],"collection":[{"href":"https:\/\/eir.ca\/fr\/wp-json\/wp\/v2\/pages"}],"about":[{"href":"https:\/\/eir.ca\/fr\/wp-json\/wp\/v2\/types\/page"}],"author":[{"embeddable":true,"href":"https:\/\/eir.ca\/fr\/wp-json\/wp\/v2\/users\/1"}],"replies":[{"embeddable":true,"href":"https:\/\/eir.ca\/fr\/wp-json\/wp\/v2\/comments?post=3949"}],"version-history":[{"count":13,"href":"https:\/\/eir.ca\/fr\/wp-json\/wp\/v2\/pages\/3949\/revisions"}],"predecessor-version":[{"id":4003,"href":"https:\/\/eir.ca\/fr\/wp-json\/wp\/v2\/pages\/3949\/revisions\/4003"}],"up":[{"embeddable":true,"href":"https:\/\/eir.ca\/fr\/wp-json\/wp\/v2\/pages\/3893"}],"wp:featuredmedia":[{"embeddable":true,"href":"https:\/\/eir.ca\/fr\/wp-json\/wp\/v2\/media\/3951"}],"wp:attachment":[{"href":"https:\/\/eir.ca\/fr\/wp-json\/wp\/v2\/media?parent=3949"}],"curies":[{"name":"wp","href":"https:\/\/api.w.org\/{rel}","templated":true}]}}