{"id":3899,"date":"2022-11-16T14:45:19","date_gmt":"2022-11-16T19:45:19","guid":{"rendered":"https:\/\/eir.ca\/?page_id=3899"},"modified":"2023-08-17T15:18:36","modified_gmt":"2023-08-17T19:18:36","slug":"activity-tracking","status":"publish","type":"page","link":"https:\/\/eir.ca\/fr\/activity-tracking\/","title":{"rendered":"Activity Tracking"},"content":{"rendered":"<p>[et_pb_section fb_built=&#8221;1&#8243; admin_label=&#8221;section&#8221; _builder_version=&#8221;4.16&#8243; background_color=&#8221;rgba(0,0,0,0.35)&#8221; background_image=&#8221;https:\/\/eir.ca\/wp-content\/uploads\/2023\/08\/robo-1.png&#8221; background_position=&#8221;bottom_center&#8221; background_blend=&#8221;soft-light&#8221; da_disable_devices=&#8221;off|off|off&#8221; global_colors_info=&#8221;{}&#8221; theme_builder_area=&#8221;post_content&#8221; da_is_popup=&#8221;off&#8221; da_exit_intent=&#8221;off&#8221; da_has_close=&#8221;on&#8221; da_alt_close=&#8221;off&#8221; da_dark_close=&#8221;off&#8221; da_not_modal=&#8221;on&#8221; da_is_singular=&#8221;off&#8221; da_with_loader=&#8221;off&#8221; da_has_shadow=&#8221;on&#8221;][et_pb_row admin_label=&#8221;row&#8221; _builder_version=&#8221;4.16&#8243; background_size=&#8221;initial&#8221; background_position=&#8221;top_left&#8221; background_repeat=&#8221;repeat&#8221; custom_padding=&#8221;35px||76px|||&#8221; global_colors_info=&#8221;{}&#8221; theme_builder_area=&#8221;post_content&#8221;][et_pb_column type=&#8221;4_4&#8243; _builder_version=&#8221;4.16&#8243; custom_padding=&#8221;|||&#8221; global_colors_info=&#8221;{}&#8221; custom_padding__hover=&#8221;|||&#8221; theme_builder_area=&#8221;post_content&#8221;][et_pb_text admin_label=&#8221;Text&#8221; _builder_version=&#8221;4.22.0&#8243; text_font_size=&#8221;34px&#8221; background_color=&#8221;rgba(0,0,0,0)&#8221; background_size=&#8221;initial&#8221; background_position=&#8221;top_left&#8221; background_repeat=&#8221;repeat&#8221; text_orientation=&#8221;center&#8221; width=&#8221;50%&#8221; module_alignment=&#8221;center&#8221; global_colors_info=&#8221;{}&#8221; theme_builder_area=&#8221;post_content&#8221;]<\/p>\n<h1><\/h1>\n<h1><\/h1>\n<h1><span style=\"color: #ffffff;\">Engineer-in-Residence<\/span><\/h1>\n<p><span style=\"color: #ffffff;\">Activity Log<\/span><\/p>\n<p><span style=\"color: #000000;\"><\/span><\/p>\n<p>[\/et_pb_text][\/et_pb_column][\/et_pb_row][\/et_pb_section][et_pb_section fb_built=&#8221;1&#8243; admin_label=&#8221;section&#8221; _builder_version=&#8221;4.16&#8243; da_disable_devices=&#8221;off|off|off&#8221; global_colors_info=&#8221;{}&#8221; da_is_popup=&#8221;off&#8221; da_exit_intent=&#8221;off&#8221; da_has_close=&#8221;on&#8221; da_alt_close=&#8221;off&#8221; da_dark_close=&#8221;off&#8221; da_not_modal=&#8221;on&#8221; da_is_singular=&#8221;off&#8221; da_with_loader=&#8221;off&#8221; da_has_shadow=&#8221;on&#8221;][et_pb_row admin_label=&#8221;row&#8221; _builder_version=&#8221;4.16&#8243; background_size=&#8221;initial&#8221; background_position=&#8221;top_left&#8221; background_repeat=&#8221;repeat&#8221; global_colors_info=&#8221;{}&#8221;][et_pb_column type=&#8221;4_4&#8243; _builder_version=&#8221;4.16&#8243; custom_padding=&#8221;|||&#8221; global_colors_info=&#8221;{}&#8221; custom_padding__hover=&#8221;|||&#8221;][et_pb_text _builder_version=&#8221;4.22.0&#8243; _module_preset=&#8221;default&#8221; global_colors_info=&#8221;{}&#8221;]<\/p>\n<p>Please use the following form to log\/track your EIR activities. This data is very helpful for us to report on impact, produce reports, and engage sponsors.<\/p>\n<p>[\/et_pb_text][et_pb_text admin_label=&#8221;Text&#8221; _builder_version=&#8221;4.22.0&#8243; background_size=&#8221;initial&#8221; background_position=&#8221;top_left&#8221; background_repeat=&#8221;repeat&#8221; text_orientation=&#8221;center&#8221; global_colors_info=&#8221;{}&#8221;]<\/p>\n<div class=\"forminator-ui forminator-custom-form forminator-custom-form-4697 forminator-design--default  forminator_ajax\" data-forminator-render=\"0\" data-form=\"forminator-module-4697\" data-uid=\"69d86cca5b73f\"><br\/><\/div><form\n\t\t\t\tid=\"forminator-module-4697\"\n\t\t\t\tclass=\"forminator-ui forminator-custom-form forminator-custom-form-4697 forminator-design--default  forminator_ajax\"\n\t\t\t\tmethod=\"post\"\n\t\t\t\tdata-forminator-render=\"0\"\n\t\t\t\tdata-form-id=\"4697\"\n\t\t\t\tenctype=\"multipart\/form-data\" data-color-option=\"default\" data-design=\"default\" data-grid=\"open\" style=\"display: none;\"\n\t\t\t\tdata-uid=\"69d86cca5b73f\"\n\t\t\t><div role=\"alert\" aria-live=\"polite\" class=\"forminator-response-message forminator-error\" aria-hidden=\"true\"><\/div><div class=\"forminator-row\"><div id=\"name-1\" class=\"forminator-field-name forminator-col forminator-col-12 \"><div class=\"forminator-field\"><label for=\"forminator-field-name-1_69d86cca5b73f\" id=\"forminator-field-name-1_69d86cca5b73f-label\" class=\"forminator-label\">Your Name<\/label><input type=\"text\" name=\"name-1\" value=\"\" placeholder=\"\" id=\"forminator-field-name-1_69d86cca5b73f\" class=\"forminator-input forminator-name--field\" aria-required=\"false\" autocomplete=\"name\" \/><\/div><\/div><\/div><div class=\"forminator-row\"><div id=\"date-1\" class=\"forminator-field-date forminator-col forminator-col-12 \"><div class=\"forminator-field\"><label for=\"forminator-field-date-1-picker_69d86cca5b73f\" id=\"forminator-field-date-1-picker_69d86cca5b73f-label\" class=\"forminator-label\">Activity\/Visit Date<\/label><div class=\"forminator-input-with-icon\"><span class=\"forminator-icon-calendar\" aria-hidden=\"true\"><\/span><input autocomplete=\"off\" type=\"text\" size=\"1\" name=\"date-1\" value=\"\" placeholder=\"mm\/dd\/yyyy\" id=\"forminator-field-date-1-picker_69d86cca5b73f\" class=\"forminator-input forminator-datepicker\" data-required=\"\" data-format=\"mm\/dd\/yy\" data-restrict-type=\"\" data-restrict=\"\" data-start-year=\"1926\" data-end-year=\"2126\" data-past-dates=\"enable\" data-start-of-week=\"0\" data-start-date=\"\" data-end-date=\"\" data-start-field=\"\" data-end-field=\"\" data-start-offset=\"\" data-end-offset=\"\" data-disable-date=\"\" data-disable-range=\"\" \/><\/div><\/div><\/div><\/div><div class=\"forminator-row\"><div id=\"text-1\" class=\"forminator-field-text forminator-col forminator-col-12 \"><div class=\"forminator-field\"><label for=\"forminator-field-text-1_69d86cca5b73f\" id=\"forminator-field-text-1_69d86cca5b73f-label\" class=\"forminator-label\">School Name<\/label><input type=\"text\" name=\"text-1\" value=\"\" placeholder=\"E.g. Sunshine Elementary School\" id=\"forminator-field-text-1_69d86cca5b73f\" class=\"forminator-input forminator-name--field\" data-required=\"\" \/><\/div><\/div><\/div><div class=\"forminator-row\"><div id=\"text-2\" class=\"forminator-field-text forminator-col forminator-col-12 \"><div class=\"forminator-field\"><label for=\"forminator-field-text-2_69d86cca5b73f\" id=\"forminator-field-text-2_69d86cca5b73f-label\" class=\"forminator-label\">Teacher(s) Name(s)<\/label><input type=\"text\" name=\"text-2\" value=\"\" placeholder=\"\" id=\"forminator-field-text-2_69d86cca5b73f\" class=\"forminator-input forminator-name--field\" data-required=\"\" \/><\/div><\/div><\/div><div class=\"forminator-row\"><div id=\"textarea-3\" class=\"forminator-field-textarea forminator-col forminator-col-12 \"><div class=\"forminator-field\"><label for=\"forminator-field-textarea-3_69d86cca5b73f\" id=\"forminator-field-textarea-3_69d86cca5b73f-label\" class=\"forminator-label\">Brief description of the activity (or provide link to the library lesson used)<\/label><textarea name=\"textarea-3\" placeholder=\"\" id=\"forminator-field-textarea-3_69d86cca5b73f\" class=\"forminator-textarea\" rows=\"6\" style=\"min-height:140px;\" ><\/textarea><\/div><\/div><\/div><div class=\"forminator-row\"><div id=\"text-3\" class=\"forminator-field-text forminator-col forminator-col-12 \"><div class=\"forminator-field\"><label for=\"forminator-field-text-3_69d86cca5b73f\" id=\"forminator-field-text-3_69d86cca5b73f-label\" class=\"forminator-label\">Grade(s)<\/label><input type=\"text\" name=\"text-3\" value=\"\" placeholder=\"E.g. 4 and 5 split\" id=\"forminator-field-text-3_69d86cca5b73f\" class=\"forminator-input forminator-name--field\" data-required=\"\" \/><\/div><\/div><\/div><div class=\"forminator-row\"><div id=\"number-1\" class=\"forminator-field-number forminator-col forminator-col-12 \"><div class=\"forminator-field\"><label for=\"forminator-field-number-1_69d86cca5b73f\" id=\"forminator-field-number-1_69d86cca5b73f-label\" class=\"forminator-label\">Number of Students<\/label><input name=\"number-1\" value=\"\" placeholder=\"E.g. 10\" id=\"forminator-field-number-1_69d86cca5b73f\" class=\"forminator-input forminator-number--field\" inputmode=\"decimal\" data-required=\"\" data-decimals=\"0\" aria-required=\"false\" data-inputmask=\"&#039;groupSeparator&#039;: &#039;&#039;, &#039;radixPoint&#039;: &#039;&#039;, &#039;digits&#039;: &#039;0&#039;\" data-hidden-behavior=\"zero\" type=\"number\" step=\"any\" min=\"1\" max=\"150\" \/><\/div><\/div><\/div><div class=\"forminator-row\"><div id=\"upload-1\" class=\"forminator-field-upload forminator-col forminator-col-12 \"><div class=\"forminator-field\"><label for=\"forminator-field-upload-1_69d86cca5b73f\" id=\"forminator-field-upload-1_69d86cca5b73f-label\" class=\"forminator-label\">Pictures<\/label><div class=\"forminator-multi-upload \" data-element=\"upload-1_69d86cca5b73f\" aria-describedby=\"forminator-field-upload-1_69d86cca5b73f-description\"><input type=\"file\" name=\"upload-1[]\" id=\"forminator-field-upload-1_69d86cca5b73f\" class=\"forminator-input-file forminator-field-upload-1_69d86cca5b73f-4697\" multiple=\"multiple\" data-method=\"ajax\" data-size=\"8000000\" data-size-message=\"Maximum file size allowed is 8 MB. \"><div class=\"forminator-multi-upload-message\" aria-hidden=\"true\"><span class=\"forminator-icon-upload\" aria-hidden=\"true\"><\/span><p>Drag and Drop (or) <a class=\"forminator-upload-file--forminator-field-upload-1_69d86cca5b73f\" href=\"#\" onclick=\"return false;\">Choose Files<\/a><\/p><\/div><\/div><span id=\"forminator-field-upload-1_69d86cca5b73f-description\" class=\"forminator-description\">If you have any pictures to share, upload them here!<\/span><ul class=\"forminator-uploaded-files upload-container-upload-1_69d86cca5b73f\"><\/ul><\/div><\/div><\/div><div class=\"forminator-row\"><div id=\"consent-1\" class=\"forminator-field-consent forminator-col forminator-col-12 \"><div class=\"forminator-field\"><label for=\"forminator-field-consent-1_69d86cca5b73f\" id=\"forminator-field-consent-1_69d86cca5b73f-label\" class=\"forminator-label\">Consent for Sharing Pictures<\/label><div class=\"forminator-checkbox__wrapper\"><label id=\"forminator-field-consent-1_69d86cca5b73f__label\" class=\"forminator-checkbox forminator-consent\"><input type=\"checkbox\" name=\"consent-1\" id=\"forminator-field-consent-1_69d86cca5b73f\" value=\"checked\" aria-labelledby=\"forminator-field-consent-1_69d86cca5b73f-label\" aria-describedby=\"forminator-field-consent-1_69d86cca5b73f__description\" data-required=\"false\" aria-required=\"false\" \/><span class=\"forminator-checkbox-box\" aria-hidden=\"true\"><\/span><\/label><div id=\"forminator-field-consent-1_69d86cca5b73f__description\" class=\"forminator-checkbox__label forminator-consent__label\"><p>If you shared any pictures, do you consent to us sharing them on our website or social media? (optional)<\/p><\/div><\/div><\/div><\/div><\/div><input type=\"hidden\" name=\"referer_url\" value=\"\" \/><div class=\"forminator-row forminator-row-last\"><div class=\"forminator-col\"><div class=\"forminator-field\"><button class=\"forminator-button forminator-button-submit\">Send Message<\/button><\/div><\/div><\/div><input type=\"hidden\" id=\"forminator_nonce\" name=\"forminator_nonce\" value=\"ff2b0a275a\" \/><input type=\"hidden\" name=\"_wp_http_referer\" value=\"\/fr\/wp-json\/wp\/v2\/pages\/3899\" \/><input type=\"hidden\" name=\"form_id\" value=\"4697\"><input type=\"hidden\" name=\"page_id\" value=\"3899\"><input type=\"hidden\" name=\"form_type\" value=\"default\"><input type=\"hidden\" name=\"current_url\" value=\"https:\/\/eir.ca\/fr\/activity-tracking\/\"><input type=\"hidden\" name=\"render_id\" value=\"0\"><input type=\"hidden\" name=\"forminator-multifile-hidden\" class=\"forminator-multifile-hidden\"><input type=\"hidden\" name=\"action\" value=\"forminator_submit_form_custom-forms\"><\/form>\n<p>[\/et_pb_text][\/et_pb_column][\/et_pb_row][\/et_pb_section]<\/p>\n","protected":false},"excerpt":{"rendered":"<p>Engineer-in-Residence Activity Log Please use the following form to log\/track your EIR activities. This data is very helpful for us to report on impact, produce reports, and engage sponsors.<div class=\"forminator-ui forminator-custom-form forminator-custom-form-4697 forminator-design--default  forminator_ajax\" data-forminator-render=\"1\" data-form=\"forminator-module-4697\" data-uid=\"69d86cca979dd\"><br\/><\/div><form\n\t\t\t\tid=\"forminator-module-4697\"\n\t\t\t\tclass=\"forminator-ui forminator-custom-form forminator-custom-form-4697 forminator-design--default  forminator_ajax\"\n\t\t\t\tmethod=\"post\"\n\t\t\t\tdata-forminator-render=\"1\"\n\t\t\t\tdata-form-id=\"4697\"\n\t\t\t\tenctype=\"multipart\/form-data\" data-color-option=\"default\" data-design=\"default\" data-grid=\"open\" style=\"display: none;\"\n\t\t\t\tdata-uid=\"69d86cca979dd\" action=\"\"\n\t\t\t><div role=\"alert\" aria-live=\"polite\" class=\"forminator-response-message forminator-error\" aria-hidden=\"true\"><\/div><div class=\"forminator-row\"><div id=\"name-1\" class=\"forminator-field-name forminator-col forminator-col-12\"><div class=\"forminator-field\"><label for=\"forminator-field-name-1_69d86cca979dd\" id=\"forminator-field-name-1_69d86cca979dd-label\" class=\"forminator-label\">Votre nom<\/label><input type=\"text\" name=\"name-1\" value=\"\" placeholder=\"\" id=\"forminator-field-name-1_69d86cca979dd\" class=\"forminator-input forminator-name--field\" aria-required=\"false\" autocomplete=\"name\" \/><\/div><\/div><\/div><div class=\"forminator-row\"><div id=\"date-1\" class=\"forminator-field-date forminator-col forminator-col-12\"><div class=\"forminator-field\"><label for=\"forminator-field-date-1-picker_69d86cca979dd\" id=\"forminator-field-date-1-picker_69d86cca979dd-label\" class=\"forminator-label\">Date de la visite<\/label><div class=\"forminator-input-with-icon\"><span class=\"forminator-icon-calendar\" aria-hidden=\"true\"><\/span><input autocomplete=\"off\" type=\"text\" size=\"1\" name=\"date-1\" value=\"\" placeholder=\"mm\/dd\/yyyy\" id=\"forminator-field-date-1-picker_69d86cca979dd\" class=\"forminator-input forminator-datepicker\" data-required=\"\" data-format=\"mm\/dd\/yy\" data-restrict-type=\"\" data-restrict=\"\" data-start-year=\"1926\" data-end-year=\"2126\" data-past-dates=\"enable\" data-start-of-week=\"0\" data-start-date=\"\" data-end-date=\"\" data-start-field=\"\" data-end-field=\"\" data-start-offset=\"\" data-end-offset=\"\" data-disable-date=\"\" data-disable-range=\"\" \/><\/div><\/div><\/div><\/div><div class=\"forminator-row\"><div id=\"text-1\" class=\"forminator-field-text forminator-col forminator-col-12\"><div class=\"forminator-field\"><label for=\"forminator-field-text-1_69d86cca979dd\" id=\"forminator-field-text-1_69d86cca979dd-label\" class=\"forminator-label\">Nom de l'\u00e9cole<\/label><input type=\"text\" name=\"text-1\" value=\"\" placeholder=\"E.g. Sunshine Elementary School\" id=\"forminator-field-text-1_69d86cca979dd\" class=\"forminator-input forminator-name--field\" data-required=\"\" \/><\/div><\/div><\/div><div class=\"forminator-row\"><div id=\"text-2\" class=\"forminator-field-text forminator-col forminator-col-12\"><div class=\"forminator-field\"><label for=\"forminator-field-text-2_69d86cca979dd\" id=\"forminator-field-text-2_69d86cca979dd-label\" class=\"forminator-label\">Noms des enseignant(s)<\/label><input type=\"text\" name=\"text-2\" value=\"\" placeholder=\"\" id=\"forminator-field-text-2_69d86cca979dd\" class=\"forminator-input forminator-name--field\" data-required=\"\" \/><\/div><\/div><\/div><div class=\"forminator-row\"><div id=\"textarea-3\" class=\"forminator-field-textarea forminator-col forminator-col-12\"><div class=\"forminator-field\"><label for=\"forminator-field-textarea-3_69d86cca979dd\" id=\"forminator-field-textarea-3_69d86cca979dd-label\" class=\"forminator-label\">Description br\u00e8ve de l'activit\u00e9 (ou fournir le lien \u00e0 la le\u00e7on de la biblioth\u00e8que utilis\u00e9e)<\/label><textarea name=\"textarea-3\" placeholder=\"\" id=\"forminator-field-textarea-3_69d86cca979dd\" class=\"forminator-textarea\" rows=\"6\" style=\"min-height:140px;\" ><\/textarea><\/div><\/div><\/div><div class=\"forminator-row\"><div id=\"text-3\" class=\"forminator-field-text forminator-col forminator-col-12\"><div class=\"forminator-field\"><label for=\"forminator-field-text-3_69d86cca979dd\" id=\"forminator-field-text-3_69d86cca979dd-label\" class=\"forminator-label\">Ann\u00e9e(s) scolaire<\/label><input type=\"text\" name=\"text-3\" value=\"\" placeholder=\"E.g. 4 and 5 split\" id=\"forminator-field-text-3_69d86cca979dd\" class=\"forminator-input forminator-name--field\" data-required=\"\" \/><\/div><\/div><\/div><div class=\"forminator-row\"><div id=\"number-1\" class=\"forminator-field-number forminator-col forminator-col-12\"><div class=\"forminator-field\"><label for=\"forminator-field-number-1_69d86cca979dd\" id=\"forminator-field-number-1_69d86cca979dd-label\" class=\"forminator-label\">Nombre d'\u00e9tudiants<\/label><input name=\"number-1\" value=\"\" placeholder=\"E.g. 10\" id=\"forminator-field-number-1_69d86cca979dd\" class=\"forminator-input forminator-number--field\" inputmode=\"decimal\" data-required=\"\" data-decimals=\"0\" aria-required=\"false\" data-inputmask=\"&#039;groupSeparator&#039;: &#039;&#039;, &#039;radixPoint&#039;: &#039;&#039;, &#039;digits&#039;: &#039;0&#039;\" data-hidden-behavior=\"zero\" type=\"number\" step=\"any\" min=\"1\" max=\"150\" \/><\/div><\/div><\/div><div class=\"forminator-row\"><div id=\"upload-1\" class=\"forminator-field-upload forminator-col forminator-col-12\"><div class=\"forminator-field\"><label for=\"forminator-field-upload-1_69d86cca979dd\" id=\"forminator-field-upload-1_69d86cca979dd-label\" class=\"forminator-label\">Photos<\/label><div class=\"forminator-multi-upload\" data-element=\"upload-1_69d86cca979dd\" aria-describedby=\"forminator-field-upload-1_69d86cca979dd-description\"><input type=\"file\" name=\"upload-1[]\" id=\"forminator-field-upload-1_69d86cca979dd\" class=\"forminator-input-file forminator-field-upload-1_69d86cca979dd-4697\" multiple=\"multiple\" data-method=\"ajax\" data-size=\"8000000\" data-size-message=\"Maximum file size allowed is 8 MB. \"><div class=\"forminator-multi-upload-message\" aria-hidden=\"true\"><span class=\"forminator-icon-upload\" aria-hidden=\"true\"><\/span><p>Drag and Drop (or) <a class=\"forminator-upload-file--forminator-field-upload-1_69d86cca979dd\" href=\"#\" onclick=\"return false;\">Choose Files<\/a><\/p><\/div><\/div><span id=\"forminator-field-upload-1_69d86cca979dd-description\" class=\"forminator-description\">Si vous avez des photos \u00e0 partager, ajoutez-les ici!<\/span><ul class=\"forminator-uploaded-files upload-container-upload-1_69d86cca979dd\"><\/ul><\/div><\/div><\/div><div class=\"forminator-row\"><div id=\"consent-1\" class=\"forminator-field-consent forminator-col forminator-col-12\"><div class=\"forminator-field\"><label for=\"forminator-field-consent-1_69d86cca979dd\" id=\"forminator-field-consent-1_69d86cca979dd-label\" class=\"forminator-label\">Consentement au partage des photos<\/label><div class=\"forminator-checkbox__wrapper\"><label id=\"forminator-field-consent-1_69d86cca979dd__label\" class=\"forminator-checkbox forminator-consent\"><input type=\"checkbox\" name=\"consent-1\" id=\"forminator-field-consent-1_69d86cca979dd\" value=\"checked\" aria-labelledby=\"forminator-field-consent-1_69d86cca979dd-label\" aria-describedby=\"forminator-field-consent-1_69d86cca979dd__description\" data-required=\"false\" aria-required=\"false\" \/><span class=\"forminator-checkbox-box\" aria-hidden=\"true\"><\/span><\/label><div id=\"forminator-field-consent-1_69d86cca979dd__description\" class=\"forminator-checkbox__label forminator-consent__label\"><p>Si vous avez partag\u00e9 des photos, acceptez-vous que nous les diffusions sur notre site web ou dans les m\u00e9dias sociaux ? (facultatif)<\/p><\/div><\/div><\/div><\/div><\/div><input type=\"hidden\" name=\"referer_url\" value=\"\" \/><div class=\"forminator-row forminator-row-last\"><div class=\"forminator-col\"><div class=\"forminator-field\"><button class=\"forminator-button forminator-button-submit\">Envoyer<\/button><\/div><\/div><\/div><input type=\"hidden\" id=\"forminator_nonce\" name=\"forminator_nonce\" value=\"ff2b0a275a\" \/><input type=\"hidden\" name=\"_wp_http_referer\" value=\"\/fr\/wp-json\/wp\/v2\/pages\/3899\" \/><input type=\"hidden\" name=\"form_id\" value=\"4697\"><input type=\"hidden\" name=\"page_id\" value=\"3899\"><input type=\"hidden\" name=\"form_type\" value=\"default\"><input type=\"hidden\" name=\"current_url\" value=\"https:\/\/eir.ca\/fr\/activity-tracking\/\"><input type=\"hidden\" name=\"render_id\" value=\"1\"><input type=\"hidden\" name=\"forminator-multifile-hidden\" class=\"forminator-multifile-hidden\"><input type=\"hidden\" name=\"action\" value=\"forminator_submit_form_custom-forms\"><input type=\"hidden\" name=\"trp-form-language\" value=\"fr\"\/><\/form><\/p>","protected":false},"author":1,"featured_media":0,"parent":0,"menu_order":0,"comment_status":"closed","ping_status":"closed","template":"","meta":{"_et_pb_use_builder":"on","_et_pb_old_content":"<!-- wp:fl-builder\/layout -->\n\n\t<iframe src=\"https:\/\/docs.google.com\/forms\/d\/e\/1FAIpQLSduUfyiQmbT6g6DvQhJJ2ir7ifrCLsgeKSXDBvhtOf_ZLo69w\/viewform?embedded=true\" width=\"640\" height=\"1694\" frameborder=\"0\" marginheight=\"0\" marginwidth=\"0\">Loading&#8230;<\/iframe>\n\n<!-- \/wp:fl-builder\/layout -->","_et_gb_content_width":"","_monsterinsights_skip_tracking":false,"_monsterinsights_sitenote_active":false,"_monsterinsights_sitenote_note":"","_monsterinsights_sitenote_category":0,"footnotes":""},"class_list":["post-3899","page","type-page","status-publish","hentry"],"_links":{"self":[{"href":"https:\/\/eir.ca\/fr\/wp-json\/wp\/v2\/pages\/3899","targetHints":{"allow":["GET"]}}],"collection":[{"href":"https:\/\/eir.ca\/fr\/wp-json\/wp\/v2\/pages"}],"about":[{"href":"https:\/\/eir.ca\/fr\/wp-json\/wp\/v2\/types\/page"}],"author":[{"embeddable":true,"href":"https:\/\/eir.ca\/fr\/wp-json\/wp\/v2\/users\/1"}],"replies":[{"embeddable":true,"href":"https:\/\/eir.ca\/fr\/wp-json\/wp\/v2\/comments?post=3899"}],"version-history":[{"count":8,"href":"https:\/\/eir.ca\/fr\/wp-json\/wp\/v2\/pages\/3899\/revisions"}],"predecessor-version":[{"id":4763,"href":"https:\/\/eir.ca\/fr\/wp-json\/wp\/v2\/pages\/3899\/revisions\/4763"}],"wp:attachment":[{"href":"https:\/\/eir.ca\/fr\/wp-json\/wp\/v2\/media?parent=3899"}],"curies":[{"name":"wp","href":"https:\/\/api.w.org\/{rel}","templated":true}]}}